{"id":1242,"date":"2017-01-17T15:03:52","date_gmt":"2017-01-17T14:03:52","guid":{"rendered":"https:\/\/www.miss-psaclay.universite-paris-saclay.fr\/miss\/?page_id=1242"},"modified":"2020-03-24T09:33:08","modified_gmt":"2020-03-24T08:33:08","slug":"ceremonie-de-la-1ere-pierre-12-janvier-2017","status":"publish","type":"page","link":"https:\/\/www.miss-psaclay.universite-paris-saclay.fr\/miss\/ceremonie-de-la-1ere-pierre-12-janvier-2017\/","title":{"rendered":"C\u00e9r\u00e9monie de la 1\u00e8re Pierre"},"content":{"rendered":"","protected":false},"excerpt":{"rendered":"","protected":false},"author":1,"featured_media":0,"parent":0,"menu_order":0,"comment_status":"closed","ping_status":"closed","template":"","meta":[],"_links":{"self":[{"href":"https:\/\/www.miss-psaclay.universite-paris-saclay.fr\/miss\/wp-json\/wp\/v2\/pages\/1242"}],"collection":[{"href":"https:\/\/www.miss-psaclay.universite-paris-saclay.fr\/miss\/wp-json\/wp\/v2\/pages"}],"about":[{"href":"https:\/\/www.miss-psaclay.universite-paris-saclay.fr\/miss\/wp-json\/wp\/v2\/types\/page"}],"author":[{"embeddable":true,"href":"https:\/\/www.miss-psaclay.universite-paris-saclay.fr\/miss\/wp-json\/wp\/v2\/users\/1"}],"replies":[{"embeddable":true,"href":"https:\/\/www.miss-psaclay.universite-paris-saclay.fr\/miss\/wp-json\/wp\/v2\/comments?post=1242"}],"version-history":[{"count":26,"href":"https:\/\/www.miss-psaclay.universite-paris-saclay.fr\/miss\/wp-json\/wp\/v2\/pages\/1242\/revisions"}],"predecessor-version":[{"id":2296,"href":"https:\/\/www.miss-psaclay.universite-paris-saclay.fr\/miss\/wp-json\/wp\/v2\/pages\/1242\/revisions\/2296"}],"wp:attachment":[{"href":"https:\/\/www.miss-psaclay.universite-paris-saclay.fr\/miss\/wp-json\/wp\/v2\/media?parent=1242"}],"curies":[{"name":"wp","href":"https:\/\/api.w.org\/{rel}","templated":true}]}}